{"id":5685,"date":"2025-11-28T12:23:48","date_gmt":"2025-11-28T10:23:48","guid":{"rendered":"https:\/\/gameoftrolls.ro\/?page_id=5685"},"modified":"2025-11-28T12:48:16","modified_gmt":"2025-11-28T10:48:16","slug":"nota-de-informare","status":"publish","type":"page","link":"https:\/\/gameoftrolls.ro\/en\/nota-de-informare\/","title":{"rendered":"Not\u0103 de informare"},"content":{"rendered":"\t\t<div data-elementor-type=\"wp-page\" data-elementor-id=\"5685\" class=\"elementor elementor-5685\">\n\t\t\t\t\t\t<section class=\"elementor-section elementor-top-section elementor-element elementor-element-70e7f5d elementor-section-boxed elementor-section-height-default elementor-section-height-default\" data-id=\"70e7f5d\" data-element_type=\"section\" data-e-type=\"section\" data-settings=\"{&quot;jet_parallax_layout_list&quot;:[{&quot;jet_parallax_layout_image&quot;:{&quot;url&quot;:&quot;&quot;,&quot;id&quot;:&quot;&quot;,&quot;size&quot;:&quot;&quot;},&quot;_id&quot;:&quot;37b214f&quot;,&quot;jet_parallax_layout_speed&quot;:{&quot;unit&quot;:&quot;%&quot;,&quot;size&quot;:&quot;50&quot;,&quot;sizes&quot;:[]},&quot;jet_parallax_layout_bg_x&quot;:&quot;50&quot;,&quot;jet_parallax_layout_bg_y&quot;:&quot;50&quot;,&quot;jet_parallax_layout_image_tablet&quot;:{&quot;url&quot;:&quot;&quot;,&quot;id&quot;:&quot;&quot;,&quot;size&quot;:&quot;&quot;},&quot;jet_parallax_layout_image_mobile&quot;:{&quot;url&quot;:&quot;&quot;,&quot;id&quot;:&quot;&quot;,&quot;size&quot;:&quot;&quot;},&quot;jet_parallax_layout_type&quot;:&quot;scroll&quot;,&quot;jet_parallax_layout_direction&quot;:&quot;1&quot;,&quot;jet_parallax_layout_fx_direction&quot;:null,&quot;jet_parallax_layout_z_index&quot;:&quot;&quot;,&quot;jet_parallax_layout_bg_x_tablet&quot;:&quot;&quot;,&quot;jet_parallax_layout_bg_x_mobile&quot;:&quot;&quot;,&quot;jet_parallax_layout_bg_y_tablet&quot;:&quot;&quot;,&quot;jet_parallax_layout_bg_y_mobile&quot;:&quot;&quot;,&quot;jet_parallax_layout_bg_size&quot;:&quot;auto&quot;,&quot;jet_parallax_layout_bg_size_tablet&quot;:&quot;&quot;,&quot;jet_parallax_layout_bg_size_mobile&quot;:&quot;&quot;,&quot;jet_parallax_layout_animation_prop&quot;:&quot;transform&quot;,&quot;jet_parallax_layout_on&quot;:[&quot;desktop&quot;,&quot;tablet&quot;]}]}\">\n\t\t\t\t\t\t<div class=\"elementor-container elementor-column-gap-default\">\n\t\t\t\t\t<div class=\"elementor-column elementor-col-100 elementor-top-column elementor-element elementor-element-24a4e2c\" data-id=\"24a4e2c\" data-element_type=\"column\" data-e-type=\"column\" data-settings=\"{&quot;background_background&quot;:&quot;classic&quot;}\">\n\t\t\t<div class=\"elementor-widget-wrap elementor-element-populated\">\n\t\t\t\t\t\t<div class=\"elementor-element elementor-element-f0e3e27 elementor-widget elementor-widget-text-editor\" data-id=\"f0e3e27\" data-element_type=\"widget\" data-e-type=\"widget\" data-widget_type=\"text-editor.default\">\n\t\t\t\t<div class=\"elementor-widget-container\">\n\t\t\t\t\t\t\t\t\t<p class=\"MsoNormal\"><b><span lang=\"RO\">Nota de\ninformare &#8211; acordare premii campanie camera Fries, Spies &amp; Alibis<\/span><\/b><span lang=\"RO\"><o:p><\/o:p><\/span><\/p><p class=\"MsoNormal\"><span lang=\"RO\">\u00cen perioada 28\nnoiembrie &#8211; 31 decembrie 2025, tuturor participan\u021bilor exclusiv la camera de\nEscape Room Fries, Spies &amp; Alibis (indiferent dac\u0103 evadeaz\u0103 \u00een cele 60 de\nminute alocate sau nu) li se va oferi, la finalul experien\u021bei din camera Escape\nRoom Fries, Spies &amp; Alibis, un premiu de participare \u00een limita stocului\ndisponibil, \u00een func\u021bie de alocarea s\u0103pt\u0103m\u00e2nal\u0103, dup\u0103 cum urmeaz\u0103:<o:p><\/o:p><\/span><\/p><p class=\"MsoListParagraph\" style=\"text-indent:-.25in;mso-list:l1 level1 lfo1\"><!--[if !supportLists]--><span lang=\"RO\" style=\"font-family:Symbol;mso-fareast-font-family:Symbol;mso-bidi-font-family:\nSymbol;mso-ansi-language:RO\">\u00b7<span style=\"font-variant-numeric: normal; font-variant-east-asian: normal; font-variant-alternates: normal; font-size-adjust: none; font-kerning: auto; font-optical-sizing: auto; font-feature-settings: normal; font-variation-settings: normal; font-variant-position: normal; font-variant-emoji: normal; font-stretch: normal; font-size: 7pt; line-height: normal; font-family: &quot;Times New Roman&quot;;\">&nbsp;&nbsp;&nbsp;&nbsp;&nbsp;&nbsp; <\/span><\/span><!--[endif]--><span lang=\"RO\">S\u0103pt\u0103m\u00e2na 1 &#8211; 28 noiembrie &#8211; 4 decembrie\n2025 &#8211; 200 totebag McDonald&#8217;s, model ice cone<o:p><\/o:p><\/span><\/p><p class=\"MsoListParagraph\" style=\"text-indent:-.25in;mso-list:l1 level1 lfo1\"><!--[if !supportLists]--><span lang=\"RO\" style=\"font-family:Symbol;mso-fareast-font-family:Symbol;mso-bidi-font-family:\nSymbol;mso-ansi-language:RO\">\u00b7<span style=\"font-variant-numeric: normal; font-variant-east-asian: normal; font-variant-alternates: normal; font-size-adjust: none; font-kerning: auto; font-optical-sizing: auto; font-feature-settings: normal; font-variation-settings: normal; font-variant-position: normal; font-variant-emoji: normal; font-stretch: normal; font-size: 7pt; line-height: normal; font-family: &quot;Times New Roman&quot;;\">&nbsp;&nbsp;&nbsp;&nbsp;&nbsp;&nbsp; <\/span><\/span><!--[endif]--><span lang=\"RO\">S\u0103pt\u0103m\u00e2na 2 &#8211; 5 &#8211; 11 decembrie 2025 &#8211; 200\nde vouchere McDonald&#8217;s, voucher \u00een baza c\u0103ruia se poate revendica o por\u021bie mare\nde cartofi pr\u0103ji\u021bi din partea casei<o:p><\/o:p><\/span><\/p><p class=\"MsoListParagraph\" style=\"text-indent:-.25in;mso-list:l1 level1 lfo1\"><!--[if !supportLists]--><span lang=\"RO\" style=\"font-family:Symbol;mso-fareast-font-family:Symbol;mso-bidi-font-family:\nSymbol;mso-ansi-language:RO\">\u00b7<span style=\"font-variant-numeric: normal; font-variant-east-asian: normal; font-variant-alternates: normal; font-size-adjust: none; font-kerning: auto; font-optical-sizing: auto; font-feature-settings: normal; font-variation-settings: normal; font-variant-position: normal; font-variant-emoji: normal; font-stretch: normal; font-size: 7pt; line-height: normal; font-family: &quot;Times New Roman&quot;;\">&nbsp;&nbsp;&nbsp;&nbsp;&nbsp;&nbsp; <\/span><\/span><!--[endif]--><span lang=\"RO\">S\u0103pt\u0103m\u00e2na 3 &#8211; 12 &#8211; 18 decembrie 2025 &#8211; 200\nsticle reutilizabile de ap\u0103, model verde<o:p><\/o:p><\/span><\/p><p class=\"MsoListParagraph\" style=\"text-indent:-.25in;mso-list:l1 level1 lfo1\"><!--[if !supportLists]--><span lang=\"RO\" style=\"font-family:Symbol;mso-fareast-font-family:Symbol;mso-bidi-font-family:\nSymbol;mso-ansi-language:RO\">\u00b7<span style=\"font-variant-numeric: normal; font-variant-east-asian: normal; font-variant-alternates: normal; font-size-adjust: none; font-kerning: auto; font-optical-sizing: auto; font-feature-settings: normal; font-variation-settings: normal; font-variant-position: normal; font-variant-emoji: normal; font-stretch: normal; font-size: 7pt; line-height: normal; font-family: &quot;Times New Roman&quot;;\">&nbsp;&nbsp;&nbsp;&nbsp;&nbsp;&nbsp; <\/span><\/span><!--[endif]--><span lang=\"RO\">S\u0103pt\u0103m\u00e2na 4 &#8211; 19 &#8211; 25 decembrie 2025 &#8211; 200\nde vouchere McDonald&#8217;s, voucher \u00een baza c\u0103ruia se poate revendica o por\u021bie mare\nde cartofi pr\u0103ji\u021bi din partea casei<o:p><\/o:p><\/span><\/p><p class=\"MsoListParagraph\" style=\"text-indent:-.25in;mso-list:l1 level1 lfo1\"><!--[if !supportLists]--><span lang=\"RO\" style=\"font-family:Symbol;mso-fareast-font-family:Symbol;mso-bidi-font-family:\nSymbol;mso-ansi-language:RO\">\u00b7<span style=\"font-variant-numeric: normal; font-variant-east-asian: normal; font-variant-alternates: normal; font-size-adjust: none; font-kerning: auto; font-optical-sizing: auto; font-feature-settings: normal; font-variation-settings: normal; font-variant-position: normal; font-variant-emoji: normal; font-stretch: normal; font-size: 7pt; line-height: normal; font-family: &quot;Times New Roman&quot;;\">&nbsp;&nbsp;&nbsp;&nbsp;&nbsp;&nbsp; <\/span><\/span><!--[endif]--><span lang=\"RO\">S\u0103pt\u0103m\u00e2na 5 &#8211; 26 &#8211; 31 decembrie 2025 &#8211; 200\nsticle reutilizabile de ap\u0103, model argintiu<o:p><\/o:p><\/span><\/p><p class=\"MsoNormal\"><span lang=\"RO\">Voucherele\nMcDonald&#8217;s \u00een baza c\u0103rora poate fi revendicat\u0103 o por\u021bie de cartofi pr\u0103ji\u021bi din\npartea casei pot fi utilizate \u00een orice restaurant McDonald&#8217;s din Rom\u00e2nia, \u00een\nperioada 5 decembrie 2025 &#8211; 31 ianuarie 2026.<o:p><\/o:p><\/span><\/p><p class=\"MsoNormal\"><span lang=\"RO\">\u00cen cadrul\nCampaniei vor fi oferite 1000 de premii \u00een cuantum total de 21.386 RON, TVA\ninclus,, av\u00e2nd o valoare unitar\u0103 dup\u0103 cum urmeaz\u0103:<o:p><\/o:p><\/span><\/p><p class=\"MsoListParagraph\" style=\"text-indent:-.25in;mso-list:l0 level1 lfo2\"><!--[if !supportLists]--><span lang=\"RO\" style=\"font-family:Symbol;mso-fareast-font-family:Symbol;mso-bidi-font-family:\nSymbol;mso-ansi-language:RO\">\u00b7<span style=\"font-variant-numeric: normal; font-variant-east-asian: normal; font-variant-alternates: normal; font-size-adjust: none; font-kerning: auto; font-optical-sizing: auto; font-feature-settings: normal; font-variation-settings: normal; font-variant-position: normal; font-variant-emoji: normal; font-stretch: normal; font-size: 7pt; line-height: normal; font-family: &quot;Times New Roman&quot;;\">&nbsp;&nbsp;&nbsp;&nbsp;&nbsp;&nbsp; <\/span><\/span><!--[endif]--><span lang=\"RO\">Totebag (model ice cone) \u2013 2.950 RON, TVA\ninclus <o:p><\/o:p><\/span><\/p><p class=\"MsoListParagraph\" style=\"text-indent:-.25in;mso-list:l0 level1 lfo2\"><!--[if !supportLists]--><span lang=\"RO\" style=\"font-family:Symbol;mso-fareast-font-family:Symbol;mso-bidi-font-family:\nSymbol;mso-ansi-language:RO\">\u00b7<span style=\"font-variant-numeric: normal; font-variant-east-asian: normal; font-variant-alternates: normal; font-size-adjust: none; font-kerning: auto; font-optical-sizing: auto; font-feature-settings: normal; font-variation-settings: normal; font-variant-position: normal; font-variant-emoji: normal; font-stretch: normal; font-size: 7pt; line-height: normal; font-family: &quot;Times New Roman&quot;;\">&nbsp;&nbsp;&nbsp;&nbsp;&nbsp;&nbsp; <\/span><\/span><!--[endif]--><span lang=\"RO\">Voucher McDonald&#8217;s, voucher \u00een baza c\u0103ruia\nse poate revendica o por\u021bie mare de cartofi pr\u0103ji\u021bi din partea casei \u2013 4.600\nRON, TVA inclus <o:p><\/o:p><\/span><\/p><p class=\"MsoListParagraph\" style=\"text-indent:-.25in;mso-list:l0 level1 lfo2\"><!--[if !supportLists]--><span lang=\"RO\" style=\"font-family:Symbol;mso-fareast-font-family:Symbol;mso-bidi-font-family:\nSymbol;mso-ansi-language:RO\">\u00b7<span style=\"font-variant-numeric: normal; font-variant-east-asian: normal; font-variant-alternates: normal; font-size-adjust: none; font-kerning: auto; font-optical-sizing: auto; font-feature-settings: normal; font-variation-settings: normal; font-variant-position: normal; font-variant-emoji: normal; font-stretch: normal; font-size: 7pt; line-height: normal; font-family: &quot;Times New Roman&quot;;\">&nbsp;&nbsp;&nbsp;&nbsp;&nbsp;&nbsp; <\/span><\/span><!--[endif]--><span lang=\"RO\">Sticla de apa reutilizabila (model verde\nsi argintiu) \u2013 13.836 RON, TVA inclus <o:p><\/o:p><\/span><\/p><p>\n\n\n\n\n\n\n\n\n\n\n\n\n\n\n\n\n\n\n\n\n\n\n\n<\/p><p class=\"MsoNormal\"><span lang=\"RO\">Valoarea\npremiilor nu poate fi acordat\u0103 \u00een numerar, iar produsul oferit nu poate fi\n\u00eenlocuit cu alte produse\/beneficii.<o:p><\/o:p><\/span><\/p><ul>\n<\/ul>\t\t\t\t\t\t\t\t<\/div>\n\t\t\t\t<\/div>\n\t\t\t\t\t<\/div>\n\t\t<\/div>\n\t\t\t\t\t<\/div>\n\t\t<\/section>\n\t\t\t\t<\/div>\n\t\t","protected":false},"excerpt":{"rendered":"<p>Nota de informare &#8211; acordare premii campanie camera Fries, Spies &amp; Alibis \u00cen perioada 28 noiembrie &#8211; 31 decembrie 2025, tuturor participan\u021bilor exclusiv la camera de Escape Room Fries, Spies &amp; Alibis (indiferent dac\u0103 evadeaz\u0103 \u00een cele 60 de minute alocate sau nu) li se va oferi, la finalul experien\u021bei din camera Escape Room Fries, [&hellip;]<\/p>\n","protected":false},"author":1,"featured_media":0,"parent":0,"menu_order":0,"comment_status":"closed","ping_status":"closed","template":"elementor_header_footer","meta":{"_acf_changed":false,"footnotes":""},"class_list":["post-5685","page","type-page","status-publish","hentry"],"acf":[],"yoast_head":"<!-- This site is optimized with the Yoast SEO plugin v27.4 - https:\/\/yoast.com\/product\/yoast-seo-wordpress\/ -->\n<title>Troll Escape Rooms<\/title>\n<meta name=\"robots\" content=\"noindex, follow\" \/>\n<meta property=\"og:locale\" content=\"en_US\" \/>\n<meta property=\"og:type\" content=\"article\" \/>\n<meta property=\"og:title\" content=\"Troll Escape Rooms\" \/>\n<meta property=\"og:description\" content=\"Nota de informare &#8211; acordare premii campanie camera Fries, Spies &amp; Alibis \u00cen perioada 28 noiembrie &#8211; 31 decembrie 2025, tuturor participan\u021bilor exclusiv la camera de Escape Room Fries, Spies &amp; Alibis (indiferent dac\u0103 evadeaz\u0103 \u00een cele 60 de minute alocate sau nu) li se va oferi, la finalul experien\u021bei din camera Escape Room Fries, [&hellip;]\" \/>\n<meta property=\"og:url\" content=\"https:\/\/gameoftrolls.ro\/en\/nota-de-informare\/\" \/>\n<meta property=\"og:site_name\" content=\"TROLL Escape Rooms\" \/>\n<meta property=\"article:publisher\" content=\"https:\/\/www.facebook.com\/gameoftrolls.escaperooms\" \/>\n<meta property=\"article:modified_time\" content=\"2025-11-28T10:48:16+00:00\" \/>\n<meta name=\"twitter:card\" content=\"summary_large_image\" \/>\n<meta name=\"twitter:label1\" content=\"Est. reading time\" \/>\n\t<meta name=\"twitter:data1\" content=\"5 minutes\" \/>\n<script type=\"application\/ld+json\" class=\"yoast-schema-graph\">{\"@context\":\"https:\\\/\\\/schema.org\",\"@graph\":[{\"@type\":\"WebPage\",\"@id\":\"https:\\\/\\\/gameoftrolls.ro\\\/nota-de-informare\\\/\",\"url\":\"https:\\\/\\\/gameoftrolls.ro\\\/nota-de-informare\\\/\",\"name\":\"Troll Escape Rooms\",\"isPartOf\":{\"@id\":\"https:\\\/\\\/gameoftrolls.ro\\\/#website\"},\"datePublished\":\"2025-11-28T10:23:48+00:00\",\"dateModified\":\"2025-11-28T10:48:16+00:00\",\"breadcrumb\":{\"@id\":\"https:\\\/\\\/gameoftrolls.ro\\\/nota-de-informare\\\/#breadcrumb\"},\"inLanguage\":\"en-US\",\"potentialAction\":[{\"@type\":\"ReadAction\",\"target\":[\"https:\\\/\\\/gameoftrolls.ro\\\/nota-de-informare\\\/\"]}]},{\"@type\":\"BreadcrumbList\",\"@id\":\"https:\\\/\\\/gameoftrolls.ro\\\/nota-de-informare\\\/#breadcrumb\",\"itemListElement\":[{\"@type\":\"ListItem\",\"position\":1,\"name\":\"Home\",\"item\":\"https:\\\/\\\/gameoftrolls.ro\\\/\"},{\"@type\":\"ListItem\",\"position\":2,\"name\":\"Not\u0103 de informare\"}]},{\"@type\":\"WebSite\",\"@id\":\"https:\\\/\\\/gameoftrolls.ro\\\/#website\",\"url\":\"https:\\\/\\\/gameoftrolls.ro\\\/\",\"name\":\"TROLL Escape Rooms\",\"description\":\"Best Escape Room Bucharest\",\"publisher\":{\"@id\":\"https:\\\/\\\/gameoftrolls.ro\\\/#organization\"},\"potentialAction\":[{\"@type\":\"SearchAction\",\"target\":{\"@type\":\"EntryPoint\",\"urlTemplate\":\"https:\\\/\\\/gameoftrolls.ro\\\/?s={search_term_string}\"},\"query-input\":{\"@type\":\"PropertyValueSpecification\",\"valueRequired\":true,\"valueName\":\"search_term_string\"}}],\"inLanguage\":\"en-US\"},{\"@type\":\"Organization\",\"@id\":\"https:\\\/\\\/gameoftrolls.ro\\\/#organization\",\"name\":\"TROLL Escape Rooms\",\"url\":\"https:\\\/\\\/gameoftrolls.ro\\\/\",\"logo\":{\"@type\":\"ImageObject\",\"inLanguage\":\"en-US\",\"@id\":\"https:\\\/\\\/gameoftrolls.ro\\\/#\\\/schema\\\/logo\\\/image\\\/\",\"url\":\"https:\\\/\\\/gameoftrolls.ro\\\/wp-content\\\/uploads\\\/2021\\\/06\\\/logo_black.png\",\"contentUrl\":\"https:\\\/\\\/gameoftrolls.ro\\\/wp-content\\\/uploads\\\/2021\\\/06\\\/logo_black.png\",\"width\":200,\"height\":80,\"caption\":\"TROLL Escape Rooms\"},\"image\":{\"@id\":\"https:\\\/\\\/gameoftrolls.ro\\\/#\\\/schema\\\/logo\\\/image\\\/\"},\"sameAs\":[\"https:\\\/\\\/www.facebook.com\\\/gameoftrolls.escaperooms\",\"https:\\\/\\\/www.instagram.com\\\/trollescaperooms\\\/\"]}]}<\/script>\n<!-- \/ Yoast SEO plugin. -->","yoast_head_json":{"title":"Troll Escape Rooms","robots":{"index":"noindex","follow":"follow"},"og_locale":"en_US","og_type":"article","og_title":"Troll Escape Rooms","og_description":"Nota de informare &#8211; acordare premii campanie camera Fries, Spies &amp; Alibis \u00cen perioada 28 noiembrie &#8211; 31 decembrie 2025, tuturor participan\u021bilor exclusiv la camera de Escape Room Fries, Spies &amp; Alibis (indiferent dac\u0103 evadeaz\u0103 \u00een cele 60 de minute alocate sau nu) li se va oferi, la finalul experien\u021bei din camera Escape Room Fries, [&hellip;]","og_url":"https:\/\/gameoftrolls.ro\/en\/nota-de-informare\/","og_site_name":"TROLL Escape Rooms","article_publisher":"https:\/\/www.facebook.com\/gameoftrolls.escaperooms","article_modified_time":"2025-11-28T10:48:16+00:00","twitter_card":"summary_large_image","twitter_misc":{"Est. reading time":"5 minutes"},"schema":{"@context":"https:\/\/schema.org","@graph":[{"@type":"WebPage","@id":"https:\/\/gameoftrolls.ro\/nota-de-informare\/","url":"https:\/\/gameoftrolls.ro\/nota-de-informare\/","name":"Troll Escape Rooms","isPartOf":{"@id":"https:\/\/gameoftrolls.ro\/#website"},"datePublished":"2025-11-28T10:23:48+00:00","dateModified":"2025-11-28T10:48:16+00:00","breadcrumb":{"@id":"https:\/\/gameoftrolls.ro\/nota-de-informare\/#breadcrumb"},"inLanguage":"en-US","potentialAction":[{"@type":"ReadAction","target":["https:\/\/gameoftrolls.ro\/nota-de-informare\/"]}]},{"@type":"BreadcrumbList","@id":"https:\/\/gameoftrolls.ro\/nota-de-informare\/#breadcrumb","itemListElement":[{"@type":"ListItem","position":1,"name":"Home","item":"https:\/\/gameoftrolls.ro\/"},{"@type":"ListItem","position":2,"name":"Not\u0103 de informare"}]},{"@type":"WebSite","@id":"https:\/\/gameoftrolls.ro\/#website","url":"https:\/\/gameoftrolls.ro\/","name":"TROLL Escape Rooms","description":"Best Escape Room Bucharest","publisher":{"@id":"https:\/\/gameoftrolls.ro\/#organization"},"potentialAction":[{"@type":"SearchAction","target":{"@type":"EntryPoint","urlTemplate":"https:\/\/gameoftrolls.ro\/?s={search_term_string}"},"query-input":{"@type":"PropertyValueSpecification","valueRequired":true,"valueName":"search_term_string"}}],"inLanguage":"en-US"},{"@type":"Organization","@id":"https:\/\/gameoftrolls.ro\/#organization","name":"TROLL Escape Rooms","url":"https:\/\/gameoftrolls.ro\/","logo":{"@type":"ImageObject","inLanguage":"en-US","@id":"https:\/\/gameoftrolls.ro\/#\/schema\/logo\/image\/","url":"https:\/\/gameoftrolls.ro\/wp-content\/uploads\/2021\/06\/logo_black.png","contentUrl":"https:\/\/gameoftrolls.ro\/wp-content\/uploads\/2021\/06\/logo_black.png","width":200,"height":80,"caption":"TROLL Escape Rooms"},"image":{"@id":"https:\/\/gameoftrolls.ro\/#\/schema\/logo\/image\/"},"sameAs":["https:\/\/www.facebook.com\/gameoftrolls.escaperooms","https:\/\/www.instagram.com\/trollescaperooms\/"]}]}},"_links":{"self":[{"href":"https:\/\/gameoftrolls.ro\/en\/wp-json\/wp\/v2\/pages\/5685","targetHints":{"allow":["GET"]}}],"collection":[{"href":"https:\/\/gameoftrolls.ro\/en\/wp-json\/wp\/v2\/pages"}],"about":[{"href":"https:\/\/gameoftrolls.ro\/en\/wp-json\/wp\/v2\/types\/page"}],"author":[{"embeddable":true,"href":"https:\/\/gameoftrolls.ro\/en\/wp-json\/wp\/v2\/users\/1"}],"replies":[{"embeddable":true,"href":"https:\/\/gameoftrolls.ro\/en\/wp-json\/wp\/v2\/comments?post=5685"}],"version-history":[{"count":12,"href":"https:\/\/gameoftrolls.ro\/en\/wp-json\/wp\/v2\/pages\/5685\/revisions"}],"predecessor-version":[{"id":5706,"href":"https:\/\/gameoftrolls.ro\/en\/wp-json\/wp\/v2\/pages\/5685\/revisions\/5706"}],"wp:attachment":[{"href":"https:\/\/gameoftrolls.ro\/en\/wp-json\/wp\/v2\/media?parent=5685"}],"curies":[{"name":"wp","href":"https:\/\/api.w.org\/{rel}","templated":true}]}}