{"id":20,"date":"2020-08-26T09:56:45","date_gmt":"2020-08-26T09:56:45","guid":{"rendered":"https:\/\/jupiterx.artbees.net\/car-rental\/?page_id=20"},"modified":"2023-09-04T08:48:05","modified_gmt":"2023-09-04T05:48:05","slug":"contact","status":"publish","type":"page","link":"https:\/\/gameoftrolls.ro\/en\/contact\/","title":{"rendered":"Contact"},"content":{"rendered":"\t\t<div data-elementor-type=\"wp-page\" data-elementor-id=\"20\" class=\"elementor elementor-20\">\n\t\t\t\t\t\t<section class=\"elementor-section elementor-top-section elementor-element elementor-element-26e3f75 elementor-section-height-min-height elementor-section-items-stretch elementor-section-boxed elementor-section-height-default\" data-id=\"26e3f75\" data-element_type=\"section\" data-e-type=\"section\" data-settings=\"{&quot;jet_parallax_layout_list&quot;:[{&quot;jet_parallax_layout_image&quot;:{&quot;url&quot;:&quot;&quot;,&quot;id&quot;:&quot;&quot;,&quot;size&quot;:&quot;&quot;},&quot;_id&quot;:&quot;ee9b9ec&quot;,&quot;jet_parallax_layout_speed&quot;:{&quot;unit&quot;:&quot;%&quot;,&quot;size&quot;:&quot;50&quot;,&quot;sizes&quot;:[]},&quot;jet_parallax_layout_bg_x&quot;:&quot;50&quot;,&quot;jet_parallax_layout_bg_y&quot;:&quot;50&quot;,&quot;jet_parallax_layout_image_tablet&quot;:{&quot;url&quot;:&quot;&quot;,&quot;id&quot;:&quot;&quot;,&quot;size&quot;:&quot;&quot;},&quot;jet_parallax_layout_image_mobile&quot;:{&quot;url&quot;:&quot;&quot;,&quot;id&quot;:&quot;&quot;,&quot;size&quot;:&quot;&quot;},&quot;jet_parallax_layout_type&quot;:&quot;scroll&quot;,&quot;jet_parallax_layout_direction&quot;:&quot;1&quot;,&quot;jet_parallax_layout_fx_direction&quot;:null,&quot;jet_parallax_layout_z_index&quot;:&quot;&quot;,&quot;jet_parallax_layout_bg_x_tablet&quot;:&quot;&quot;,&quot;jet_parallax_layout_bg_x_mobile&quot;:&quot;&quot;,&quot;jet_parallax_layout_bg_y_tablet&quot;:&quot;&quot;,&quot;jet_parallax_layout_bg_y_mobile&quot;:&quot;&quot;,&quot;jet_parallax_layout_bg_size&quot;:&quot;auto&quot;,&quot;jet_parallax_layout_bg_size_tablet&quot;:&quot;&quot;,&quot;jet_parallax_layout_bg_size_mobile&quot;:&quot;&quot;,&quot;jet_parallax_layout_animation_prop&quot;:&quot;transform&quot;,&quot;jet_parallax_layout_on&quot;:[&quot;desktop&quot;,&quot;tablet&quot;]}],&quot;background_background&quot;:&quot;classic&quot;}\">\n\t\t\t\t\t\t<div class=\"elementor-container elementor-column-gap-default\">\n\t\t\t\t\t<div class=\"elementor-column elementor-col-100 elementor-top-column elementor-element elementor-element-ad18959\" data-id=\"ad18959\" data-element_type=\"column\" data-e-type=\"column\">\n\t\t\t<div class=\"elementor-widget-wrap elementor-element-populated\">\n\t\t\t\t\t\t<div class=\"elementor-element elementor-element-2a3ee94 elementor-align-center elementor-widget elementor-widget-raven-heading\" data-id=\"2a3ee94\" data-element_type=\"widget\" data-e-type=\"widget\" data-widget_type=\"raven-heading.default\">\n\t\t\t\t<div class=\"elementor-widget-container\">\n\t\t\t\t\t\t\t<div class=\"raven-widget-wrapper\"><h1 class=\"raven-heading raven-heading-h1\"><span class=\"raven-heading-title \">Contact<\/span><\/h1><\/div>\n\t\t\t\t\t\t<\/div>\n\t\t\t\t<\/div>\n\t\t\t\t<div class=\"elementor-element elementor-element-a7d9484 elementor-widget elementor-widget-heading\" data-id=\"a7d9484\" data-element_type=\"widget\" data-e-type=\"widget\" data-widget_type=\"heading.default\">\n\t\t\t\t<div class=\"elementor-widget-container\">\n\t\t\t\t\t<h3 class=\"elementor-heading-title elementor-size-default\">escape room central<\/h3>\t\t\t\t<\/div>\n\t\t\t\t<\/div>\n\t\t\t\t<div class=\"elementor-element elementor-element-d2e96d3 elementor-widget elementor-widget-heading\" data-id=\"d2e96d3\" data-element_type=\"widget\" data-e-type=\"widget\" data-widget_type=\"heading.default\">\n\t\t\t\t<div class=\"elementor-widget-container\">\n\t\t\t\t\t<h3 class=\"elementor-heading-title elementor-size-default\">kilometrul zero bucure\u0219ti, universitate<\/h3>\t\t\t\t<\/div>\n\t\t\t\t<\/div>\n\t\t\t\t\t<\/div>\n\t\t<\/div>\n\t\t\t\t\t<\/div>\n\t\t<\/section>\n\t\t\t\t<section class=\"elementor-section elementor-top-section elementor-element elementor-element-f1948b0 elementor-section-boxed elementor-section-height-default elementor-section-height-default\" data-id=\"f1948b0\" data-element_type=\"section\" data-e-type=\"section\" data-settings=\"{&quot;jet_parallax_layout_list&quot;:[{&quot;jet_parallax_layout_image&quot;:{&quot;url&quot;:&quot;&quot;,&quot;id&quot;:&quot;&quot;,&quot;size&quot;:&quot;&quot;},&quot;_id&quot;:&quot;765aea1&quot;,&quot;jet_parallax_layout_speed&quot;:{&quot;unit&quot;:&quot;%&quot;,&quot;size&quot;:&quot;50&quot;,&quot;sizes&quot;:[]},&quot;jet_parallax_layout_bg_x&quot;:&quot;50&quot;,&quot;jet_parallax_layout_bg_y&quot;:&quot;50&quot;,&quot;jet_parallax_layout_image_tablet&quot;:{&quot;url&quot;:&quot;&quot;,&quot;id&quot;:&quot;&quot;,&quot;size&quot;:&quot;&quot;},&quot;jet_parallax_layout_image_mobile&quot;:{&quot;url&quot;:&quot;&quot;,&quot;id&quot;:&quot;&quot;,&quot;size&quot;:&quot;&quot;},&quot;jet_parallax_layout_type&quot;:&quot;scroll&quot;,&quot;jet_parallax_layout_direction&quot;:&quot;1&quot;,&quot;jet_parallax_layout_fx_direction&quot;:null,&quot;jet_parallax_layout_z_index&quot;:&quot;&quot;,&quot;jet_parallax_layout_bg_x_tablet&quot;:&quot;&quot;,&quot;jet_parallax_layout_bg_x_mobile&quot;:&quot;&quot;,&quot;jet_parallax_layout_bg_y_tablet&quot;:&quot;&quot;,&quot;jet_parallax_layout_bg_y_mobile&quot;:&quot;&quot;,&quot;jet_parallax_layout_bg_size&quot;:&quot;auto&quot;,&quot;jet_parallax_layout_bg_size_tablet&quot;:&quot;&quot;,&quot;jet_parallax_layout_bg_size_mobile&quot;:&quot;&quot;,&quot;jet_parallax_layout_animation_prop&quot;:&quot;transform&quot;,&quot;jet_parallax_layout_on&quot;:[&quot;desktop&quot;,&quot;tablet&quot;]}]}\">\n\t\t\t\t\t\t<div class=\"elementor-container elementor-column-gap-default\">\n\t\t\t\t\t<div class=\"elementor-column elementor-col-100 elementor-top-column elementor-element elementor-element-a72f724\" data-id=\"a72f724\" data-element_type=\"column\" data-e-type=\"column\">\n\t\t\t<div class=\"elementor-widget-wrap elementor-element-populated\">\n\t\t\t\t\t\t<section class=\"elementor-section elementor-inner-section elementor-element elementor-element-2b4fd02 elementor-section-boxed elementor-section-height-default elementor-section-height-default\" data-id=\"2b4fd02\" data-element_type=\"section\" data-e-type=\"section\" data-settings=\"{&quot;jet_parallax_layout_list&quot;:[{&quot;jet_parallax_layout_image&quot;:{&quot;url&quot;:&quot;&quot;,&quot;id&quot;:&quot;&quot;,&quot;size&quot;:&quot;&quot;},&quot;_id&quot;:&quot;0d16f86&quot;,&quot;jet_parallax_layout_speed&quot;:{&quot;unit&quot;:&quot;%&quot;,&quot;size&quot;:&quot;50&quot;,&quot;sizes&quot;:[]},&quot;jet_parallax_layout_bg_x&quot;:&quot;50&quot;,&quot;jet_parallax_layout_bg_y&quot;:&quot;50&quot;,&quot;jet_parallax_layout_image_tablet&quot;:{&quot;url&quot;:&quot;&quot;,&quot;id&quot;:&quot;&quot;,&quot;size&quot;:&quot;&quot;},&quot;jet_parallax_layout_image_mobile&quot;:{&quot;url&quot;:&quot;&quot;,&quot;id&quot;:&quot;&quot;,&quot;size&quot;:&quot;&quot;},&quot;jet_parallax_layout_type&quot;:&quot;scroll&quot;,&quot;jet_parallax_layout_direction&quot;:&quot;1&quot;,&quot;jet_parallax_layout_fx_direction&quot;:null,&quot;jet_parallax_layout_z_index&quot;:&quot;&quot;,&quot;jet_parallax_layout_bg_x_tablet&quot;:&quot;&quot;,&quot;jet_parallax_layout_bg_x_mobile&quot;:&quot;&quot;,&quot;jet_parallax_layout_bg_y_tablet&quot;:&quot;&quot;,&quot;jet_parallax_layout_bg_y_mobile&quot;:&quot;&quot;,&quot;jet_parallax_layout_bg_size&quot;:&quot;auto&quot;,&quot;jet_parallax_layout_bg_size_tablet&quot;:&quot;&quot;,&quot;jet_parallax_layout_bg_size_mobile&quot;:&quot;&quot;,&quot;jet_parallax_layout_animation_prop&quot;:&quot;transform&quot;,&quot;jet_parallax_layout_on&quot;:[&quot;desktop&quot;,&quot;tablet&quot;]}]}\">\n\t\t\t\t\t\t<div class=\"elementor-container elementor-column-gap-default\">\n\t\t\t\t\t<div class=\"elementor-column elementor-col-50 elementor-inner-column elementor-element elementor-element-0bd7ca5\" data-id=\"0bd7ca5\" data-element_type=\"column\" data-e-type=\"column\">\n\t\t\t<div class=\"elementor-widget-wrap elementor-element-populated\">\n\t\t\t\t\t\t<div class=\"elementor-element elementor-element-d27237b elementor-widget elementor-widget-text-editor\" data-id=\"d27237b\" data-element_type=\"widget\" data-e-type=\"widget\" data-widget_type=\"text-editor.default\">\n\t\t\t\t<div class=\"elementor-widget-container\">\n\t\t\t\t\t\t\t\t\t<p style=\"text-align: justify;\">TROLL Escape Rooms\u00a0este situat chiar \u00een Pia\u021ba Universit\u0103\u021bii, la 5 minute de mers pe jos de Centrul Vechi. Dac\u0103 circula\u021bi cu metroul, cobor\u00e2\u021bi la\u00a0sta\u021bia de metrou Universitate, \u0219i ie\u0219i\u021bi spre str. Ion C\u00e2mpineanu, exact \u00een fa\u021ba cl\u0103dirii. La parterul cl\u0103dirii, \u00een st\u00e2nga intr\u0103rii este restaurantul Pescarul, iar \u00een dreapta un birou de Exchange.<\/p><p style=\"text-align: justify;\"><span style=\"color: #e8c79e;\"><em>Aten\u021bie! Jocurile noastre pot fi jucate doar prin rezervare \u00een prealabil!<\/em><\/span><\/p>\t\t\t\t\t\t\t\t<\/div>\n\t\t\t\t<\/div>\n\t\t\t\t\t<\/div>\n\t\t<\/div>\n\t\t\t\t<div class=\"elementor-column elementor-col-50 elementor-inner-column elementor-element elementor-element-2d24f85\" data-id=\"2d24f85\" data-element_type=\"column\" data-e-type=\"column\">\n\t\t\t<div class=\"elementor-widget-wrap elementor-element-populated\">\n\t\t\t\t\t\t<div class=\"elementor-element elementor-element-05043f3 elementor-widget__width-initial elementor-widget elementor-widget-text-editor\" data-id=\"05043f3\" data-element_type=\"widget\" data-e-type=\"widget\" data-widget_type=\"text-editor.default\">\n\t\t\t\t<div class=\"elementor-widget-container\">\n\t\t\t\t\t\t\t\t\t<p>Adresa :<\/p>\t\t\t\t\t\t\t\t<\/div>\n\t\t\t\t<\/div>\n\t\t\t\t<div class=\"elementor-element elementor-element-b769e4d elementor-widget__width-initial elementor-widget elementor-widget-text-editor\" data-id=\"b769e4d\" data-element_type=\"widget\" data-e-type=\"widget\" data-widget_type=\"text-editor.default\">\n\t\t\t\t<div class=\"elementor-widget-container\">\n\t\t\t\t\t\t\t\t\t<p style=\"text-align: justify;\">Bd. Nicolae B\u0103lcescu nr. 9, sc. A, et. 1, ap. 2, Sector 1, Bucure\u0219ti<\/p>\t\t\t\t\t\t\t\t<\/div>\n\t\t\t\t<\/div>\n\t\t\t\t<div class=\"elementor-element elementor-element-60c525d elementor-widget__width-initial elementor-widget elementor-widget-text-editor\" data-id=\"60c525d\" data-element_type=\"widget\" data-e-type=\"widget\" data-widget_type=\"text-editor.default\">\n\t\t\t\t<div class=\"elementor-widget-container\">\n\t\t\t\t\t\t\t\t\t<p>Tel:<\/p>\t\t\t\t\t\t\t\t<\/div>\n\t\t\t\t<\/div>\n\t\t\t\t<div class=\"elementor-element elementor-element-fbf61d3 elementor-widget__width-initial elementor-widget elementor-widget-text-editor\" data-id=\"fbf61d3\" data-element_type=\"widget\" data-e-type=\"widget\" data-widget_type=\"text-editor.default\">\n\t\t\t\t<div class=\"elementor-widget-container\">\n\t\t\t\t\t\t\t\t\t<p>Rezervari:<br \/><a href=\"tel: +40771060500\">+40 771 06 05 00<\/a><\/p><p>Petreceri &amp; Team-Buildings<br \/><span style=\"color: #cacaca;\"><a style=\"color: #cacaca;\" href=\"tel: +40770863122\">+40\u00a0770 863 122<\/a><\/span><br \/><span style=\"color: #cacaca;\"><a style=\"color: #cacaca;\" href=\"tel: +40744355921\">+40 744 355 921<\/a><\/span><br \/><span style=\"color: #e8c79e;\">(doar \u00eentre 10:00-22:00)<\/span><\/p>\t\t\t\t\t\t\t\t<\/div>\n\t\t\t\t<\/div>\n\t\t\t\t<div class=\"elementor-element elementor-element-4a20115 elementor-widget__width-initial elementor-widget elementor-widget-text-editor\" data-id=\"4a20115\" data-element_type=\"widget\" data-e-type=\"widget\" data-widget_type=\"text-editor.default\">\n\t\t\t\t<div class=\"elementor-widget-container\">\n\t\t\t\t\t\t\t\t\t<p>Email :<\/p>\t\t\t\t\t\t\t\t<\/div>\n\t\t\t\t<\/div>\n\t\t\t\t<div class=\"elementor-element elementor-element-3c00410 elementor-widget__width-initial elementor-widget elementor-widget-text-editor\" data-id=\"3c00410\" data-element_type=\"widget\" data-e-type=\"widget\" data-widget_type=\"text-editor.default\">\n\t\t\t\t<div class=\"elementor-widget-container\">\n\t\t\t\t\t\t\t\t\t<p><a href=\"mailto:contact@gameoftrolls.ro\"><span style=\"color: #666666;\">contact@gameoftrolls.ro<\/span><\/a><\/p>\t\t\t\t\t\t\t\t<\/div>\n\t\t\t\t<\/div>\n\t\t\t\t<div class=\"elementor-element elementor-element-20c2768 elementor-shape-rounded elementor-grid-0 e-grid-align-center elementor-widget elementor-widget-social-icons\" data-id=\"20c2768\" data-element_type=\"widget\" data-e-type=\"widget\" data-widget_type=\"social-icons.default\">\n\t\t\t\t<div class=\"elementor-widget-container\">\n\t\t\t\t\t\t\t<div class=\"elementor-social-icons-wrapper elementor-grid\" role=\"list\">\n\t\t\t\t\t\t\t<span class=\"elementor-grid-item\" role=\"listitem\">\n\t\t\t\t\t<a class=\"elementor-icon elementor-social-icon elementor-social-icon-facebook elementor-repeater-item-134c986\" href=\"https:\/\/www.facebook.com\/gameoftrolls.escaperooms\" target=\"_blank\">\n\t\t\t\t\t\t<span class=\"elementor-screen-only\">Facebook<\/span>\n\t\t\t\t\t\t<i aria-hidden=\"true\" class=\"fab fa-facebook\"><\/i>\t\t\t\t\t<\/a>\n\t\t\t\t<\/span>\n\t\t\t\t\t\t\t<span class=\"elementor-grid-item\" role=\"listitem\">\n\t\t\t\t\t<a class=\"elementor-icon elementor-social-icon elementor-social-icon-instagram elementor-repeater-item-0d6093e\" href=\"https:\/\/www.instagram.com\/trollescaperooms\/\" target=\"_blank\">\n\t\t\t\t\t\t<span class=\"elementor-screen-only\">Instagram<\/span>\n\t\t\t\t\t\t<i aria-hidden=\"true\" class=\"fab fa-instagram\"><\/i>\t\t\t\t\t<\/a>\n\t\t\t\t<\/span>\n\t\t\t\t\t\t\t<span class=\"elementor-grid-item\" role=\"listitem\">\n\t\t\t\t\t<a class=\"elementor-icon elementor-social-icon elementor-social-icon-tripadvisor elementor-repeater-item-6d4ba13\" href=\"https:\/\/www.tripadvisor.com\/Attraction_Review-g294458-d7785167-Reviews-TROLL_Escape_Rooms-Bucharest.html\" target=\"_blank\">\n\t\t\t\t\t\t<span class=\"elementor-screen-only\">Tripadvisor<\/span>\n\t\t\t\t\t\t<i aria-hidden=\"true\" class=\"fab fa-tripadvisor\"><\/i>\t\t\t\t\t<\/a>\n\t\t\t\t<\/span>\n\t\t\t\t\t<\/div>\n\t\t\t\t\t\t<\/div>\n\t\t\t\t<\/div>\n\t\t\t\t\t<\/div>\n\t\t<\/div>\n\t\t\t\t\t<\/div>\n\t\t<\/section>\n\t\t\t\t<div class=\"elementor-element elementor-element-74068b4 elementor-widget elementor-widget-google_maps\" data-id=\"74068b4\" data-element_type=\"widget\" data-e-type=\"widget\" data-widget_type=\"google_maps.default\">\n\t\t\t\t<div class=\"elementor-widget-container\">\n\t\t\t\t\t\t\t<div class=\"elementor-custom-embed\">\n\t\t\t<iframe\n\t\t\t\t\tdata-src=\"https:\/\/maps.google.com\/maps?q=Troll%20Escape%20Rooms&#038;t=m&#038;z=17&#038;output=embed&#038;iwloc=near\"\n\t\t\t\t\ttitle=\"Troll Escape Rooms\"\n\t\t\t\t\taria-label=\"Troll Escape Rooms\"\n\t\t\t src=\"data:image\/svg+xml;base64,PHN2ZyB3aWR0aD0iMSIgaGVpZ2h0PSIxIiB4bWxucz0iaHR0cDovL3d3dy53My5vcmcvMjAwMC9zdmciPjwvc3ZnPg==\" class=\"lazyload\" data-load-mode=\"1\"><\/iframe>\n\t\t<\/div>\n\t\t\t\t\t\t<\/div>\n\t\t\t\t<\/div>\n\t\t\t\t\t<\/div>\n\t\t<\/div>\n\t\t\t\t\t<\/div>\n\t\t<\/section>\n\t\t\t\t<\/div>\n\t\t","protected":false},"excerpt":{"rendered":"<p>Contact escape room central kilometrul zero bucure\u0219ti, universitate TROLL Escape Rooms\u00a0este situat chiar \u00een Pia\u021ba Universit\u0103\u021bii, la 5 minute de mers pe jos de Centrul Vechi. Dac\u0103 circula\u021bi cu metroul, cobor\u00e2\u021bi la\u00a0sta\u021bia de metrou Universitate, \u0219i ie\u0219i\u021bi spre str. Ion C\u00e2mpineanu, exact \u00een fa\u021ba cl\u0103dirii. La parterul cl\u0103dirii, \u00een st\u00e2nga intr\u0103rii este restaurantul Pescarul, iar [&hellip;]<\/p>\n","protected":false},"author":1,"featured_media":0,"parent":0,"menu_order":0,"comment_status":"closed","ping_status":"closed","template":"elementor_header_footer","meta":{"_acf_changed":false,"footnotes":""},"class_list":["post-20","page","type-page","status-publish","hentry"],"acf":[],"yoast_head":"<!-- This site is optimized with the Yoast SEO plugin v27.4 - https:\/\/yoast.com\/product\/yoast-seo-wordpress\/ -->\n<title>Best Escape Room in Bucharest, top rated live games.<\/title>\n<meta name=\"description\" content=\"Top Escape Rooms in Bucharest City Center. Highly automated, full of special effects, immersive and top rated games.\" \/>\n<meta name=\"robots\" content=\"index, follow, max-snippet:-1, max-image-preview:large, max-video-preview:-1\" \/>\n<link rel=\"canonical\" href=\"https:\/\/gameoftrolls.ro\/en\/contact\/\" \/>\n<meta property=\"og:locale\" content=\"en_US\" \/>\n<meta property=\"og:type\" content=\"article\" \/>\n<meta property=\"og:title\" content=\"Best Escape Room in Bucharest, top rated live games.\" \/>\n<meta property=\"og:description\" content=\"Top Escape Rooms in Bucharest City Center. Highly automated, full of special effects, immersive and top rated games.\" \/>\n<meta property=\"og:url\" content=\"https:\/\/gameoftrolls.ro\/en\/contact\/\" \/>\n<meta property=\"og:site_name\" content=\"TROLL Escape Rooms\" \/>\n<meta property=\"article:publisher\" content=\"https:\/\/www.facebook.com\/gameoftrolls.escaperooms\" \/>\n<meta property=\"article:modified_time\" content=\"2023-09-04T05:48:05+00:00\" \/>\n<meta name=\"twitter:card\" content=\"summary_large_image\" \/>\n<meta name=\"twitter:label1\" content=\"Est. reading time\" \/>\n\t<meta name=\"twitter:data1\" content=\"1 minute\" \/>\n<script type=\"application\/ld+json\" class=\"yoast-schema-graph\">{\"@context\":\"https:\\\/\\\/schema.org\",\"@graph\":[{\"@type\":\"WebPage\",\"@id\":\"https:\\\/\\\/gameoftrolls.ro\\\/contact\\\/\",\"url\":\"https:\\\/\\\/gameoftrolls.ro\\\/contact\\\/\",\"name\":\"Best Escape Room in Bucharest, top rated live games.\",\"isPartOf\":{\"@id\":\"https:\\\/\\\/gameoftrolls.ro\\\/#website\"},\"datePublished\":\"2020-08-26T09:56:45+00:00\",\"dateModified\":\"2023-09-04T05:48:05+00:00\",\"description\":\"Top Escape Rooms in Bucharest City Center. Highly automated, full of special effects, immersive and top rated games.\",\"breadcrumb\":{\"@id\":\"https:\\\/\\\/gameoftrolls.ro\\\/contact\\\/#breadcrumb\"},\"inLanguage\":\"en-US\",\"potentialAction\":[{\"@type\":\"ReadAction\",\"target\":[\"https:\\\/\\\/gameoftrolls.ro\\\/contact\\\/\"]}]},{\"@type\":\"BreadcrumbList\",\"@id\":\"https:\\\/\\\/gameoftrolls.ro\\\/contact\\\/#breadcrumb\",\"itemListElement\":[{\"@type\":\"ListItem\",\"position\":1,\"name\":\"Home\",\"item\":\"https:\\\/\\\/gameoftrolls.ro\\\/\"},{\"@type\":\"ListItem\",\"position\":2,\"name\":\"Contact\"}]},{\"@type\":\"WebSite\",\"@id\":\"https:\\\/\\\/gameoftrolls.ro\\\/#website\",\"url\":\"https:\\\/\\\/gameoftrolls.ro\\\/\",\"name\":\"TROLL Escape Rooms\",\"description\":\"Best Escape Room Bucharest\",\"publisher\":{\"@id\":\"https:\\\/\\\/gameoftrolls.ro\\\/#organization\"},\"potentialAction\":[{\"@type\":\"SearchAction\",\"target\":{\"@type\":\"EntryPoint\",\"urlTemplate\":\"https:\\\/\\\/gameoftrolls.ro\\\/?s={search_term_string}\"},\"query-input\":{\"@type\":\"PropertyValueSpecification\",\"valueRequired\":true,\"valueName\":\"search_term_string\"}}],\"inLanguage\":\"en-US\"},{\"@type\":\"Organization\",\"@id\":\"https:\\\/\\\/gameoftrolls.ro\\\/#organization\",\"name\":\"TROLL Escape Rooms\",\"url\":\"https:\\\/\\\/gameoftrolls.ro\\\/\",\"logo\":{\"@type\":\"ImageObject\",\"inLanguage\":\"en-US\",\"@id\":\"https:\\\/\\\/gameoftrolls.ro\\\/#\\\/schema\\\/logo\\\/image\\\/\",\"url\":\"https:\\\/\\\/gameoftrolls.ro\\\/wp-content\\\/uploads\\\/2021\\\/06\\\/logo_black.png\",\"contentUrl\":\"https:\\\/\\\/gameoftrolls.ro\\\/wp-content\\\/uploads\\\/2021\\\/06\\\/logo_black.png\",\"width\":200,\"height\":80,\"caption\":\"TROLL Escape Rooms\"},\"image\":{\"@id\":\"https:\\\/\\\/gameoftrolls.ro\\\/#\\\/schema\\\/logo\\\/image\\\/\"},\"sameAs\":[\"https:\\\/\\\/www.facebook.com\\\/gameoftrolls.escaperooms\",\"https:\\\/\\\/www.instagram.com\\\/trollescaperooms\\\/\"]}]}<\/script>\n<!-- \/ Yoast SEO plugin. -->","yoast_head_json":{"title":"Best Escape Room in Bucharest, top rated live games.","description":"Top Escape Rooms in Bucharest City Center. Highly automated, full of special effects, immersive and top rated games.","robots":{"index":"index","follow":"follow","max-snippet":"max-snippet:-1","max-image-preview":"max-image-preview:large","max-video-preview":"max-video-preview:-1"},"canonical":"https:\/\/gameoftrolls.ro\/en\/contact\/","og_locale":"en_US","og_type":"article","og_title":"Best Escape Room in Bucharest, top rated live games.","og_description":"Top Escape Rooms in Bucharest City Center. Highly automated, full of special effects, immersive and top rated games.","og_url":"https:\/\/gameoftrolls.ro\/en\/contact\/","og_site_name":"TROLL Escape Rooms","article_publisher":"https:\/\/www.facebook.com\/gameoftrolls.escaperooms","article_modified_time":"2023-09-04T05:48:05+00:00","twitter_card":"summary_large_image","twitter_misc":{"Est. reading time":"1 minute"},"schema":{"@context":"https:\/\/schema.org","@graph":[{"@type":"WebPage","@id":"https:\/\/gameoftrolls.ro\/contact\/","url":"https:\/\/gameoftrolls.ro\/contact\/","name":"Best Escape Room in Bucharest, top rated live games.","isPartOf":{"@id":"https:\/\/gameoftrolls.ro\/#website"},"datePublished":"2020-08-26T09:56:45+00:00","dateModified":"2023-09-04T05:48:05+00:00","description":"Top Escape Rooms in Bucharest City Center. Highly automated, full of special effects, immersive and top rated games.","breadcrumb":{"@id":"https:\/\/gameoftrolls.ro\/contact\/#breadcrumb"},"inLanguage":"en-US","potentialAction":[{"@type":"ReadAction","target":["https:\/\/gameoftrolls.ro\/contact\/"]}]},{"@type":"BreadcrumbList","@id":"https:\/\/gameoftrolls.ro\/contact\/#breadcrumb","itemListElement":[{"@type":"ListItem","position":1,"name":"Home","item":"https:\/\/gameoftrolls.ro\/"},{"@type":"ListItem","position":2,"name":"Contact"}]},{"@type":"WebSite","@id":"https:\/\/gameoftrolls.ro\/#website","url":"https:\/\/gameoftrolls.ro\/","name":"TROLL Escape Rooms","description":"Best Escape Room Bucharest","publisher":{"@id":"https:\/\/gameoftrolls.ro\/#organization"},"potentialAction":[{"@type":"SearchAction","target":{"@type":"EntryPoint","urlTemplate":"https:\/\/gameoftrolls.ro\/?s={search_term_string}"},"query-input":{"@type":"PropertyValueSpecification","valueRequired":true,"valueName":"search_term_string"}}],"inLanguage":"en-US"},{"@type":"Organization","@id":"https:\/\/gameoftrolls.ro\/#organization","name":"TROLL Escape Rooms","url":"https:\/\/gameoftrolls.ro\/","logo":{"@type":"ImageObject","inLanguage":"en-US","@id":"https:\/\/gameoftrolls.ro\/#\/schema\/logo\/image\/","url":"https:\/\/gameoftrolls.ro\/wp-content\/uploads\/2021\/06\/logo_black.png","contentUrl":"https:\/\/gameoftrolls.ro\/wp-content\/uploads\/2021\/06\/logo_black.png","width":200,"height":80,"caption":"TROLL Escape Rooms"},"image":{"@id":"https:\/\/gameoftrolls.ro\/#\/schema\/logo\/image\/"},"sameAs":["https:\/\/www.facebook.com\/gameoftrolls.escaperooms","https:\/\/www.instagram.com\/trollescaperooms\/"]}]}},"_links":{"self":[{"href":"https:\/\/gameoftrolls.ro\/en\/wp-json\/wp\/v2\/pages\/20","targetHints":{"allow":["GET"]}}],"collection":[{"href":"https:\/\/gameoftrolls.ro\/en\/wp-json\/wp\/v2\/pages"}],"about":[{"href":"https:\/\/gameoftrolls.ro\/en\/wp-json\/wp\/v2\/types\/page"}],"author":[{"embeddable":true,"href":"https:\/\/gameoftrolls.ro\/en\/wp-json\/wp\/v2\/users\/1"}],"replies":[{"embeddable":true,"href":"https:\/\/gameoftrolls.ro\/en\/wp-json\/wp\/v2\/comments?post=20"}],"version-history":[{"count":94,"href":"https:\/\/gameoftrolls.ro\/en\/wp-json\/wp\/v2\/pages\/20\/revisions"}],"predecessor-version":[{"id":3227,"href":"https:\/\/gameoftrolls.ro\/en\/wp-json\/wp\/v2\/pages\/20\/revisions\/3227"}],"wp:attachment":[{"href":"https:\/\/gameoftrolls.ro\/en\/wp-json\/wp\/v2\/media?parent=20"}],"curies":[{"name":"wp","href":"https:\/\/api.w.org\/{rel}","templated":true}]}}