{"id":1151,"date":"2021-06-10T10:11:10","date_gmt":"2021-06-10T07:11:10","guid":{"rendered":"https:\/\/newsite.gameoftrolls.ro\/?page_id=1151"},"modified":"2025-11-28T12:34:53","modified_gmt":"2025-11-28T10:34:53","slug":"terms-and-conditions","status":"publish","type":"page","link":"https:\/\/gameoftrolls.ro\/en\/terms-and-conditions\/","title":{"rendered":"Termeni si Conditii"},"content":{"rendered":"\t\t<div data-elementor-type=\"wp-page\" data-elementor-id=\"1151\" class=\"elementor elementor-1151\">\n\t\t\t\t\t\t<section class=\"elementor-section elementor-top-section elementor-element elementor-element-70e7f5d elementor-section-boxed elementor-section-height-default elementor-section-height-default\" data-id=\"70e7f5d\" data-element_type=\"section\" data-e-type=\"section\" data-settings=\"{&quot;jet_parallax_layout_list&quot;:[{&quot;jet_parallax_layout_image&quot;:{&quot;url&quot;:&quot;&quot;,&quot;id&quot;:&quot;&quot;,&quot;size&quot;:&quot;&quot;},&quot;_id&quot;:&quot;37b214f&quot;,&quot;jet_parallax_layout_speed&quot;:{&quot;unit&quot;:&quot;%&quot;,&quot;size&quot;:&quot;50&quot;,&quot;sizes&quot;:[]},&quot;jet_parallax_layout_bg_x&quot;:&quot;50&quot;,&quot;jet_parallax_layout_bg_y&quot;:&quot;50&quot;,&quot;jet_parallax_layout_image_tablet&quot;:{&quot;url&quot;:&quot;&quot;,&quot;id&quot;:&quot;&quot;,&quot;size&quot;:&quot;&quot;},&quot;jet_parallax_layout_image_mobile&quot;:{&quot;url&quot;:&quot;&quot;,&quot;id&quot;:&quot;&quot;,&quot;size&quot;:&quot;&quot;},&quot;jet_parallax_layout_type&quot;:&quot;scroll&quot;,&quot;jet_parallax_layout_direction&quot;:&quot;1&quot;,&quot;jet_parallax_layout_fx_direction&quot;:null,&quot;jet_parallax_layout_z_index&quot;:&quot;&quot;,&quot;jet_parallax_layout_bg_x_tablet&quot;:&quot;&quot;,&quot;jet_parallax_layout_bg_x_mobile&quot;:&quot;&quot;,&quot;jet_parallax_layout_bg_y_tablet&quot;:&quot;&quot;,&quot;jet_parallax_layout_bg_y_mobile&quot;:&quot;&quot;,&quot;jet_parallax_layout_bg_size&quot;:&quot;auto&quot;,&quot;jet_parallax_layout_bg_size_tablet&quot;:&quot;&quot;,&quot;jet_parallax_layout_bg_size_mobile&quot;:&quot;&quot;,&quot;jet_parallax_layout_animation_prop&quot;:&quot;transform&quot;,&quot;jet_parallax_layout_on&quot;:[&quot;desktop&quot;,&quot;tablet&quot;]}]}\">\n\t\t\t\t\t\t<div class=\"elementor-container elementor-column-gap-default\">\n\t\t\t\t\t<div class=\"elementor-column elementor-col-100 elementor-top-column elementor-element elementor-element-24a4e2c\" data-id=\"24a4e2c\" data-element_type=\"column\" data-e-type=\"column\" data-settings=\"{&quot;background_background&quot;:&quot;classic&quot;}\">\n\t\t\t<div class=\"elementor-widget-wrap elementor-element-populated\">\n\t\t\t\t\t\t<div class=\"elementor-element elementor-element-f0e3e27 elementor-widget elementor-widget-text-editor\" data-id=\"f0e3e27\" data-element_type=\"widget\" data-e-type=\"widget\" data-widget_type=\"text-editor.default\">\n\t\t\t\t<div class=\"elementor-widget-container\">\n\t\t\t\t\t\t\t\t\t<p style=\"text-align: center;\"><span style=\"font-size: 12pt; color: #cacaca; font-family: arial, helvetica, sans-serif;\"><strong>Politicile pentru Colectarea, Procesarea \u0219i Protejarea datelor personale<\/strong><\/span><\/p><p style=\"text-align: justify;\"><span style=\"color: #cacaca; font-family: arial, helvetica, sans-serif;\">Pentru a participa la jocurile de evadare (escape rooms) organizate de <strong>TROLL Escape Rooms<\/strong>\u00a0\u0219i buna desf\u0103\u0219urare a acestora, este necesar\u0103 colectarea \u0219i procesarea unor date personale \u0219i de contact de la participan\u021bi \u00een momentul program\u0103rii jocului sau la momentul efectu\u0103rii comenzii pentru un voucher-cadou. Scopurile \u00een care aceste date sunt folosite \u0219i felul \u00een care sunt folosite sunt descrise \u00een cele ce urmeaz\u0103.<\/span><\/p><p style=\"text-align: center;\"><span style=\"color: #cacaca; font-family: arial, helvetica, sans-serif;\"><strong>Declara\u021bie de consim\u021b\u0103m\u00e2nt pentru colectarea \u0219i procesarea datelor personale<\/strong><\/span><\/p><ol style=\"text-align: justify;\"><li><span style=\"color: #cacaca; font-family: arial, helvetica, sans-serif;\"><strong>P\u0103r\u021bi<\/strong><\/span><\/li><\/ol><p style=\"text-align: justify;\"><span style=\"color: #cacaca; font-family: arial, helvetica, sans-serif;\">Prezenta Declara\u021bie este \u00eencheiat\u0103 \u00eentre\u00a0<strong>persoana care efectueaz\u0103 rezervarea\u00a0<\/strong>sau\u00a0<strong>persoana care efectueaz\u0103 o comand\u0103 pentru un voucher-cadou<\/strong>, numit\u0103 \u00een continuare\u00a0<strong>subiect<\/strong>, \u0219i\u00a0<strong>S.C. TROLOLO S.R.L.<\/strong>, \u00eenregistrat\u0103 la Oficiul Registrului Comer\u021bului cu nr.\u00a0<strong>J40\/5005\/2020<\/strong>, av\u00e2nd Codul Unic de Identificare\u00a0<strong>33977576<\/strong>, telefon\u00a0<strong>0770 863 122<\/strong>, adres\u0103 de email\u00a0<strong>contact@gameoftrolls.ro<\/strong>, numit\u0103 \u00een continuare\u00a0<strong>beneficiar<\/strong>.<\/span><\/p><ol style=\"text-align: justify;\" start=\"2\"><li><span style=\"color: #cacaca; font-family: arial, helvetica, sans-serif;\"><strong>Obiectul consim\u021b\u0103m\u00e2ntului<\/strong><\/span><\/li><\/ol><p style=\"text-align: justify;\"><span style=\"color: #cacaca; font-family: arial, helvetica, sans-serif;\">Prezenta declara\u021bie exprim\u0103 consim\u021b\u0103m\u00e2ntul subiectului pentru colectarea \u0219i procesarea datelor personale ale acestuia de c\u0103tre beneficiar.<\/span><\/p><ol style=\"text-align: justify;\" start=\"3\"><li><span style=\"color: #cacaca; font-family: arial, helvetica, sans-serif;\"><strong>Datele colectate<\/strong><\/span><\/li><\/ol><p style=\"text-align: justify;\"><span style=\"color: #cacaca; font-family: arial, helvetica, sans-serif;\">Datele colectate de la subiect de c\u0103tre beneficiar \u0219i scopul colect\u0103rii acestora sunt:<\/span><\/p><ul style=\"text-align: justify;\"><li><span style=\"color: #cacaca; font-family: arial, helvetica, sans-serif;\"><strong>Prenume \u0219i nume<\/strong>\u00a0\u2013 pentru adresare \u0219i contact<\/span><\/li><li><span style=\"color: #cacaca; font-family: arial, helvetica, sans-serif;\"><strong>Num\u0103r de telefon<\/strong>\u00a0\u2013 pentru transmiterea de comunic\u0103ri, confirmarea rezerv\u0103rilor, notific\u0103ri de \u00eent\u00e2rziere la ora programat\u0103, oferte \u0219i inform\u0103ri<\/span><\/li><li><span style=\"color: #cacaca; font-family: arial, helvetica, sans-serif;\"><strong>Adresa de email<\/strong>\u00a0\u2013 pentru transmiterea confirm\u0103rilor de rezervare \u0219i a mesajelor de reamintire a rezerv\u0103rii, contracte, facturi sau alte documente necesare, inform\u0103ri cu privire la oferte<\/span><\/li><li><span style=\"color: #cacaca; font-family: arial, helvetica, sans-serif;\"><strong>Fotografie de grup<\/strong>\u00a0\u2013 cu rol de suvenir al jocului<\/span><\/li><li><span style=\"color: #cacaca; font-family: arial, helvetica, sans-serif;\"><strong>Adresa de domiciliu<\/strong>\u00a0(doar \u00een cazul comenzii de voucher-cadou) \u2013 pentru generarea facturii<\/span><\/li><\/ul><ol style=\"text-align: justify;\" start=\"4\"><li><span style=\"color: #cacaca; font-family: arial, helvetica, sans-serif;\"><strong>Scopul \u00een care va fi utilizat consim\u021b\u0103m\u00e2ntul subiectului<\/strong><\/span><\/li><\/ol><p style=\"text-align: justify;\"><span style=\"color: #cacaca; font-family: arial, helvetica, sans-serif;\">Datele care fac obiectul prezentei vor fi utilizate strict \u00een urm\u0103toarele scopuri:<\/span><\/p><ul style=\"text-align: justify;\"><li><span style=\"color: #cacaca; font-family: arial, helvetica, sans-serif;\">Realizarea unui cont pe platforma proprie a site-ului web\u00a0<a style=\"color: #cacaca;\" href=\"http:\/\/www.gameoftrolls.ro\/\"><strong>www.gameoftrolls.ro<\/strong><\/a><\/span><\/li><li><span style=\"color: #cacaca; font-family: arial, helvetica, sans-serif;\">Publicarea pe Internet a faptului c\u0103 subiectul a utilizat serviciile companiei, a descrierii acestora.<\/span><\/li><li><span style=\"color: #cacaca; font-family: arial, helvetica, sans-serif;\">Transmiterea prin SMS de notific\u0103ri<\/span><\/li><li><span style=\"color: #cacaca; font-family: arial, helvetica, sans-serif;\">Efectuarea de apeluri de prezentare a ofertelor, serviciilor \u0219i produselor companiei<\/span><\/li><li><span style=\"color: #cacaca; font-family: arial, helvetica, sans-serif;\">Publicare \u00een panoul de portofoliu de clien\u021bi aflat \u00een incinta companiei<\/span><\/li><li><span style=\"color: #cacaca; font-family: arial, helvetica, sans-serif;\">Men\u021bionarea \u00een clipurile video, imaginile, ofertele \u0219i cataloagele tip\u0103rite de prezentare ale companiei<\/span><\/li><\/ul><p style=\"text-align: justify;\"><span style=\"color: #cacaca; font-family: arial, helvetica, sans-serif;\">Postarea fotografiilor se va efectua \u00een urm\u0103toarele loca\u021bii:<\/span><\/p><ul style=\"text-align: justify;\"><li><span style=\"color: #cacaca; font-family: arial, helvetica, sans-serif;\"><a style=\"color: #cacaca;\" href=\"http:\/\/www.gameoftrolls.ro\/\">Site-ul web<\/a>\u00a0al benficiarului<\/span><\/li><li><span style=\"color: #cacaca; font-family: arial, helvetica, sans-serif;\">Pagina de\u00a0<a style=\"color: #cacaca;\" href=\"https:\/\/www.facebook.com\/gameoftrolls.escaperooms\/\">Facebook<\/a><\/span><\/li><li><span style=\"color: #cacaca; font-family: arial, helvetica, sans-serif;\">Pagina de\u00a0<a style=\"color: #cacaca;\" href=\"https:\/\/www.instagram.com\/trollescaperooms\/\">Instagram<\/a><\/span><\/li><li><span style=\"color: #cacaca; font-family: arial, helvetica, sans-serif;\">Pagina de\u00a0<a style=\"color: #cacaca;\" href=\"https:\/\/www.tripadvisor.com\/Attraction_Review-g294458-d7785167-Reviews-TROLL_Escape_Rooms-Bucharest.html\">TripAdvisor<\/a><\/span><\/li><li><span style=\"color: #cacaca; font-family: arial, helvetica, sans-serif;\">Pagina de\u00a0<a style=\"color: #cacaca;\" href=\"https:\/\/plus.google.com\/+TROLLEscapeRoomsBucuresti\">Google+<\/a><\/span><\/li><li><span style=\"color: #cacaca; font-family: arial, helvetica, sans-serif;\">Pagina de\u00a0<a style=\"color: #cacaca;\" href=\"https:\/\/www.linkedin.com\/company\/troll-escape-rooms\/\">LinkedIn<\/a><\/span><\/li><\/ul><ol style=\"text-align: justify;\" start=\"5\"><li><span style=\"color: #cacaca; font-family: arial, helvetica, sans-serif;\"><strong>Drepturile subiectului<\/strong><\/span><\/li><\/ol><p style=\"text-align: justify;\"><span style=\"color: #cacaca; font-family: arial, helvetica, sans-serif;\">Subiectul este protejat de c\u0103tre\u00a0<strong>Regulamentul General pentru Protec\u021bia Datelor cu caracter personal nr. 679\/2016<\/strong>, poate interveni oric\u00e2nd dore\u0219te \u0219i poate solicita:<\/span><\/p><ul style=\"text-align: justify;\"><li><span style=\"color: #cacaca; font-family: arial, helvetica, sans-serif;\">informarea \u0219i consultarea informa\u021biilor vizate<\/span><\/li><li><span style=\"color: #cacaca; font-family: arial, helvetica, sans-serif;\">actualizarea informa\u021biilor vizate<\/span><\/li><li><span style=\"color: #cacaca; font-family: arial, helvetica, sans-serif;\">\u0219tergerea din baza de date a beneficiarului a informa\u021biilor vizate<\/span><\/li><li><span style=\"color: #cacaca; font-family: arial, helvetica, sans-serif;\">restric\u021bionarea \u0219i opunerea \u00een prelucrarea informa\u021biilor vizate<\/span><\/li><\/ul><ol style=\"text-align: justify;\" start=\"6\"><li><span style=\"color: #cacaca; font-family: arial, helvetica, sans-serif;\"><strong>Valabilitate<\/strong><\/span><\/li><\/ol><p style=\"text-align: justify;\"><span style=\"color: #cacaca; font-family: arial, helvetica, sans-serif;\">Prezentul consim\u021b\u0103m\u00e2nt este valabil pentru o perioad\u0103 nelimitat\u0103 sau p\u00e2n\u0103 la retragerea sa.<\/span><\/p><ol style=\"text-align: justify;\" start=\"7\"><li><span style=\"color: #cacaca; font-family: arial, helvetica, sans-serif;\"><strong>Declara\u021bie<\/strong><\/span><\/li><\/ol><p style=\"text-align: justify;\"><span style=\"color: #cacaca; font-family: arial, helvetica, sans-serif;\">Subiectul, rezerv\u00e2nd camera de joc, \u00ee\u0219i exprim\u0103 consim\u021b\u0103m\u00e2ntul \u00een favoarea beneficiarului cu privire la utilizarea (neremunerat\u0103) a imaginilor fotografice ale persoanei sale \u00een scopurile descrise mai sus. Utilizarea imaginilor fotografice \u00een alte scopuri dec\u00e2t cele descrise mai sus sau pentru comercializarea prin transferul imaginilor c\u0103tre al\u021bi ter\u021bi dec\u00e2t cei men\u021biona\u021bi este strict interzis\u0103.<\/span><\/p><p style=\"text-align: justify;\">\u00a0<\/p><p style=\"text-align: center;\"><span style=\"color: #cacaca; font-family: arial, helvetica, sans-serif; font-size: 14pt;\"><strong>Termeni \u0219i Condi\u021bii de participare<\/strong><\/span><\/p><ul><li style=\"text-align: justify;\"><span style=\"color: #cacaca; font-family: arial, helvetica, sans-serif;\"><strong>Regulile de participare la jocurile TROLL Escape Rooms vor fi explicate de c\u0103tre organizatori \u00eenainte de \u00eenceperea jocului.<\/strong>\u00a0Orice \u00eenc\u0103lcare a acestor reguli poate atrage dup\u0103 sine \u00eentreruperea sau oprirea jocului de c\u0103tre organizatori, f\u0103r\u0103 posibilitate de rambursare a contravalorii particip\u0103rii la joc.<\/span><\/li><li style=\"text-align: justify;\"><span style=\"color: #cacaca; font-family: arial, helvetica, sans-serif;\"><strong>Jocurile TROLL Escape Rooms nu necesit\u0103 abilit\u0103\u021bi sau cuno\u0219tin\u021be speciale \u0219i nici utilizarea for\u021bei fizice sau a altor metode violente sau agresive<\/strong>. Solu\u021biile probelor nu implic\u0103 alterarea mobilierului, a instala\u021biilor sau a obiectelor de decor. Toate elementele necesare rezolv\u0103rii jocului se afl\u0103 \u00een interiorul camerei de joc.<\/span><\/li><li style=\"text-align: justify;\"><span style=\"color: #cacaca; font-family: arial, helvetica, sans-serif;\"><strong>Participan\u021bii \u00ee\u0219i asum\u0103 \u00een \u00eentregime responsabilitatea pentru orice ac\u021biune<\/strong>\u00a0voluntar\u0103 sau involuntar\u0103 provocatoare de distrugeri aduse interiorului \u0219i obiectelor din camera de joc sau de suferin\u021be fizice sau psihice, at\u00e2t asupra propriei persoane c\u00e2t \u0219i asupra celorlal\u021bi participan\u021bi.<\/span><\/li><li style=\"text-align: justify;\"><span style=\"color: #cacaca; font-family: arial, helvetica, sans-serif;\"><strong>Daunele aduse obiectelor din camera de joc pe durata jocului sunt responsabilitatea total\u0103 a participan\u021bilor la joc<\/strong>\u00a0\u0219i ace\u0219tia \u00ee\u0219i asum\u0103 costurile de repara\u021bie sau \u00eenlocuire, \u00een conformitate cu pre\u021burile prezentate de organizatorii jocului. \u00cen cazul \u00een care este programat\u0103 \u00een calendar o alt\u0103 echip\u0103 pentru joc pe intervalul de joc imediat urm\u0103tor, dar dauna adus\u0103 nu permite desf\u0103\u0219urarea jocului, participan\u021bii la joc \u00ee\u0219i asum\u0103 \u0219i costul jocului din acest interval urm\u0103tor de timp.<\/span><\/li><li style=\"text-align: justify;\"><span style=\"color: #cacaca; font-family: arial, helvetica, sans-serif;\"><strong>Nu atinge\u021bi<\/strong>\u00a0prizele \u0219i nu deconecta\u021bi nimic din prize. Nu atinge\u021bi cablurile, tablourile electrice sau alte obiecte despre care ve\u021bi fi informa\u021bi verbal \u00eenainte de \u00eenceperea jocului.<\/span><\/li><li style=\"text-align: justify;\"><span style=\"color: #cacaca; font-family: arial, helvetica, sans-serif;\"><strong>Nu demonta\u021bi nimic<\/strong>\u00a0din interiorul camerei de joc (obiecte de mobilier, cutii, cufere, seifuri etc.).<\/span><\/li><li style=\"text-align: justify;\"><span style=\"color: #cacaca; font-family: arial, helvetica, sans-serif;\"><strong>Nu \u00eencerca\u021bi s\u0103 ob\u021bine\u021bi obiecte aflate la \u00een\u0103l\u021bime<\/strong>\u00a0urc\u00e2ndu-v\u0103 pe obiectele de mobilier sau pe ceilal\u021bi participan\u021bi la joc. Toate obiectele utile pentru rezolvarea jocului sunt accesibile \u0219i la \u00eendem\u00e2n\u0103.<\/span><\/li><li style=\"text-align: justify;\"><span style=\"color: #cacaca; font-family: arial, helvetica, sans-serif;\"><strong>Nu este permis accesul la joc sub influen\u021ba b\u0103uturilor alcoolice.<\/strong>\u00a0\u00cen cazul \u00eenc\u0103lc\u0103rii, organizatorii \u00ee\u0219i rezerv\u0103 dreptul de a \u00eentrerupe sau opri jocul imediat, f\u0103r\u0103 rambursarea contravalorii acestuia. De asemenea, nu este permis accesul cu b\u0103uturi alcoolice sau stupefiante \u00een incinta TROLL Escape Rooms.<\/span><\/li><li style=\"text-align: justify;\"><span style=\"color: #cacaca; font-family: arial, helvetica, sans-serif;\">Participan\u021bii \u00een\u021beleg \u0219i accept\u0103 faptul c\u0103\u00a0<strong>derularea jocului este supravegheat\u0103 \u00eendeaproape prin intermediul camerelor video de supraveghere<\/strong>.<\/span><\/li><li style=\"text-align: justify;\"><span style=\"color: #cacaca; font-family: arial, helvetica, sans-serif;\">Participarea la joc a persoanelor care sufer\u0103 de epilepsie, claustrofobie, afec\u021biuni cardiace sau alte afec\u021biuni medicale care le-ar putea afecta s\u0103n\u0103tatea \u00een urma petrecerii unei perioade de p\u00e2n\u0103 la 90 de minute \u00eentr-un spa\u021biu \u00eenchis se face pe r\u0103spunderea proprie a acestor persoane. Organizatorii nu \u00ee\u0219i asum\u0103 responsabilitatea pentru participarea acestor persoane la joc.<\/span><\/li><li style=\"text-align: justify;\"><span style=\"color: #cacaca; font-family: arial, helvetica, sans-serif;\"><strong>\u00cenregistrarea video sau fotografierea \u00een interiorul camerei de joc sau a obiectelor din interiorul camerei de joc este strict interzis\u0103.<\/strong>\u00a0Folosirea func\u021biei de camer\u0103 foto\/video a telefonului mobil, c\u00e2t \u0219i a func\u021biei de flash\/blitz \u00een orice alte scopuri este de asemenea interzis\u0103. \u00cen caz de nerespectare, organizatorii \u00ee\u0219i rezerv\u0103 dreptul de a \u00eentrerupe sau opri jocul imediat, f\u0103r\u0103 rambursarea contravalorii acestuia.<\/span><\/li><li style=\"text-align: justify;\"><span style=\"color: #cacaca; font-family: arial, helvetica, sans-serif;\"><strong>Copiii sub v\u00e2rsta de 16 ani vor fi \u00eenso\u021bi\u021bi de cel pu\u021bin un p\u0103rinte\/adult pe toat\u0103 durata jocului<\/strong>\u00a0\u0219i sunt responsabilitatea acestuia. Adultul \u00eenso\u021bitor \u00ee\u0219i va asuma aceast\u0103 responsabilitate.<\/span><\/li><\/ul>\t\t\t\t\t\t\t\t<\/div>\n\t\t\t\t<\/div>\n\t\t\t\t\t<\/div>\n\t\t<\/div>\n\t\t\t\t\t<\/div>\n\t\t<\/section>\n\t\t\t\t<\/div>\n\t\t","protected":false},"excerpt":{"rendered":"<p>Politicile pentru Colectarea, Procesarea \u0219i Protejarea datelor personale Pentru a participa la jocurile de evadare (escape rooms) organizate de TROLL Escape Rooms\u00a0\u0219i buna desf\u0103\u0219urare a acestora, este necesar\u0103 colectarea \u0219i procesarea unor date personale \u0219i de contact de la participan\u021bi \u00een momentul program\u0103rii jocului sau la momentul efectu\u0103rii comenzii pentru un voucher-cadou. Scopurile \u00een care [&hellip;]<\/p>\n","protected":false},"author":1,"featured_media":0,"parent":0,"menu_order":0,"comment_status":"closed","ping_status":"closed","template":"elementor_header_footer","meta":{"_acf_changed":false,"footnotes":""},"class_list":["post-1151","page","type-page","status-publish","hentry"],"acf":[],"yoast_head":"<!-- This site is optimized with the Yoast SEO plugin v27.4 - https:\/\/yoast.com\/product\/yoast-seo-wordpress\/ -->\n<title>Troll Escape Rooms<\/title>\n<meta name=\"robots\" content=\"noindex, follow\" \/>\n<meta property=\"og:locale\" content=\"en_US\" \/>\n<meta property=\"og:type\" content=\"article\" \/>\n<meta property=\"og:title\" content=\"Troll Escape Rooms\" \/>\n<meta property=\"og:description\" content=\"Politicile pentru Colectarea, Procesarea \u0219i Protejarea datelor personale Pentru a participa la jocurile de evadare (escape rooms) organizate de TROLL Escape Rooms\u00a0\u0219i buna desf\u0103\u0219urare a acestora, este necesar\u0103 colectarea \u0219i procesarea unor date personale \u0219i de contact de la participan\u021bi \u00een momentul program\u0103rii jocului sau la momentul efectu\u0103rii comenzii pentru un voucher-cadou. Scopurile \u00een care [&hellip;]\" \/>\n<meta property=\"og:url\" content=\"https:\/\/gameoftrolls.ro\/en\/terms-and-conditions\/\" \/>\n<meta property=\"og:site_name\" content=\"TROLL Escape Rooms\" \/>\n<meta property=\"article:publisher\" content=\"https:\/\/www.facebook.com\/gameoftrolls.escaperooms\" \/>\n<meta property=\"article:modified_time\" content=\"2025-11-28T10:34:53+00:00\" \/>\n<meta name=\"twitter:card\" content=\"summary_large_image\" \/>\n<meta name=\"twitter:label1\" content=\"Est. reading time\" \/>\n\t<meta name=\"twitter:data1\" content=\"5 minutes\" \/>\n<script type=\"application\/ld+json\" class=\"yoast-schema-graph\">{\"@context\":\"https:\\\/\\\/schema.org\",\"@graph\":[{\"@type\":\"WebPage\",\"@id\":\"https:\\\/\\\/gameoftrolls.ro\\\/terms-and-conditions\\\/\",\"url\":\"https:\\\/\\\/gameoftrolls.ro\\\/terms-and-conditions\\\/\",\"name\":\"Troll Escape Rooms\",\"isPartOf\":{\"@id\":\"https:\\\/\\\/gameoftrolls.ro\\\/#website\"},\"datePublished\":\"2021-06-10T07:11:10+00:00\",\"dateModified\":\"2025-11-28T10:34:53+00:00\",\"breadcrumb\":{\"@id\":\"https:\\\/\\\/gameoftrolls.ro\\\/terms-and-conditions\\\/#breadcrumb\"},\"inLanguage\":\"en-US\",\"potentialAction\":[{\"@type\":\"ReadAction\",\"target\":[\"https:\\\/\\\/gameoftrolls.ro\\\/terms-and-conditions\\\/\"]}]},{\"@type\":\"BreadcrumbList\",\"@id\":\"https:\\\/\\\/gameoftrolls.ro\\\/terms-and-conditions\\\/#breadcrumb\",\"itemListElement\":[{\"@type\":\"ListItem\",\"position\":1,\"name\":\"Home\",\"item\":\"https:\\\/\\\/gameoftrolls.ro\\\/\"},{\"@type\":\"ListItem\",\"position\":2,\"name\":\"Termeni si Conditii\"}]},{\"@type\":\"WebSite\",\"@id\":\"https:\\\/\\\/gameoftrolls.ro\\\/#website\",\"url\":\"https:\\\/\\\/gameoftrolls.ro\\\/\",\"name\":\"TROLL Escape Rooms\",\"description\":\"Best Escape Room Bucharest\",\"publisher\":{\"@id\":\"https:\\\/\\\/gameoftrolls.ro\\\/#organization\"},\"potentialAction\":[{\"@type\":\"SearchAction\",\"target\":{\"@type\":\"EntryPoint\",\"urlTemplate\":\"https:\\\/\\\/gameoftrolls.ro\\\/?s={search_term_string}\"},\"query-input\":{\"@type\":\"PropertyValueSpecification\",\"valueRequired\":true,\"valueName\":\"search_term_string\"}}],\"inLanguage\":\"en-US\"},{\"@type\":\"Organization\",\"@id\":\"https:\\\/\\\/gameoftrolls.ro\\\/#organization\",\"name\":\"TROLL Escape Rooms\",\"url\":\"https:\\\/\\\/gameoftrolls.ro\\\/\",\"logo\":{\"@type\":\"ImageObject\",\"inLanguage\":\"en-US\",\"@id\":\"https:\\\/\\\/gameoftrolls.ro\\\/#\\\/schema\\\/logo\\\/image\\\/\",\"url\":\"https:\\\/\\\/gameoftrolls.ro\\\/wp-content\\\/uploads\\\/2021\\\/06\\\/logo_black.png\",\"contentUrl\":\"https:\\\/\\\/gameoftrolls.ro\\\/wp-content\\\/uploads\\\/2021\\\/06\\\/logo_black.png\",\"width\":200,\"height\":80,\"caption\":\"TROLL Escape Rooms\"},\"image\":{\"@id\":\"https:\\\/\\\/gameoftrolls.ro\\\/#\\\/schema\\\/logo\\\/image\\\/\"},\"sameAs\":[\"https:\\\/\\\/www.facebook.com\\\/gameoftrolls.escaperooms\",\"https:\\\/\\\/www.instagram.com\\\/trollescaperooms\\\/\"]}]}<\/script>\n<!-- \/ Yoast SEO plugin. -->","yoast_head_json":{"title":"Troll Escape Rooms","robots":{"index":"noindex","follow":"follow"},"og_locale":"en_US","og_type":"article","og_title":"Troll Escape Rooms","og_description":"Politicile pentru Colectarea, Procesarea \u0219i Protejarea datelor personale Pentru a participa la jocurile de evadare (escape rooms) organizate de TROLL Escape Rooms\u00a0\u0219i buna desf\u0103\u0219urare a acestora, este necesar\u0103 colectarea \u0219i procesarea unor date personale \u0219i de contact de la participan\u021bi \u00een momentul program\u0103rii jocului sau la momentul efectu\u0103rii comenzii pentru un voucher-cadou. Scopurile \u00een care [&hellip;]","og_url":"https:\/\/gameoftrolls.ro\/en\/terms-and-conditions\/","og_site_name":"TROLL Escape Rooms","article_publisher":"https:\/\/www.facebook.com\/gameoftrolls.escaperooms","article_modified_time":"2025-11-28T10:34:53+00:00","twitter_card":"summary_large_image","twitter_misc":{"Est. reading time":"5 minutes"},"schema":{"@context":"https:\/\/schema.org","@graph":[{"@type":"WebPage","@id":"https:\/\/gameoftrolls.ro\/terms-and-conditions\/","url":"https:\/\/gameoftrolls.ro\/terms-and-conditions\/","name":"Troll Escape Rooms","isPartOf":{"@id":"https:\/\/gameoftrolls.ro\/#website"},"datePublished":"2021-06-10T07:11:10+00:00","dateModified":"2025-11-28T10:34:53+00:00","breadcrumb":{"@id":"https:\/\/gameoftrolls.ro\/terms-and-conditions\/#breadcrumb"},"inLanguage":"en-US","potentialAction":[{"@type":"ReadAction","target":["https:\/\/gameoftrolls.ro\/terms-and-conditions\/"]}]},{"@type":"BreadcrumbList","@id":"https:\/\/gameoftrolls.ro\/terms-and-conditions\/#breadcrumb","itemListElement":[{"@type":"ListItem","position":1,"name":"Home","item":"https:\/\/gameoftrolls.ro\/"},{"@type":"ListItem","position":2,"name":"Termeni si Conditii"}]},{"@type":"WebSite","@id":"https:\/\/gameoftrolls.ro\/#website","url":"https:\/\/gameoftrolls.ro\/","name":"TROLL Escape Rooms","description":"Best Escape Room Bucharest","publisher":{"@id":"https:\/\/gameoftrolls.ro\/#organization"},"potentialAction":[{"@type":"SearchAction","target":{"@type":"EntryPoint","urlTemplate":"https:\/\/gameoftrolls.ro\/?s={search_term_string}"},"query-input":{"@type":"PropertyValueSpecification","valueRequired":true,"valueName":"search_term_string"}}],"inLanguage":"en-US"},{"@type":"Organization","@id":"https:\/\/gameoftrolls.ro\/#organization","name":"TROLL Escape Rooms","url":"https:\/\/gameoftrolls.ro\/","logo":{"@type":"ImageObject","inLanguage":"en-US","@id":"https:\/\/gameoftrolls.ro\/#\/schema\/logo\/image\/","url":"https:\/\/gameoftrolls.ro\/wp-content\/uploads\/2021\/06\/logo_black.png","contentUrl":"https:\/\/gameoftrolls.ro\/wp-content\/uploads\/2021\/06\/logo_black.png","width":200,"height":80,"caption":"TROLL Escape Rooms"},"image":{"@id":"https:\/\/gameoftrolls.ro\/#\/schema\/logo\/image\/"},"sameAs":["https:\/\/www.facebook.com\/gameoftrolls.escaperooms","https:\/\/www.instagram.com\/trollescaperooms\/"]}]}},"_links":{"self":[{"href":"https:\/\/gameoftrolls.ro\/en\/wp-json\/wp\/v2\/pages\/1151","targetHints":{"allow":["GET"]}}],"collection":[{"href":"https:\/\/gameoftrolls.ro\/en\/wp-json\/wp\/v2\/pages"}],"about":[{"href":"https:\/\/gameoftrolls.ro\/en\/wp-json\/wp\/v2\/types\/page"}],"author":[{"embeddable":true,"href":"https:\/\/gameoftrolls.ro\/en\/wp-json\/wp\/v2\/users\/1"}],"replies":[{"embeddable":true,"href":"https:\/\/gameoftrolls.ro\/en\/wp-json\/wp\/v2\/comments?post=1151"}],"version-history":[{"count":17,"href":"https:\/\/gameoftrolls.ro\/en\/wp-json\/wp\/v2\/pages\/1151\/revisions"}],"predecessor-version":[{"id":5702,"href":"https:\/\/gameoftrolls.ro\/en\/wp-json\/wp\/v2\/pages\/1151\/revisions\/5702"}],"wp:attachment":[{"href":"https:\/\/gameoftrolls.ro\/en\/wp-json\/wp\/v2\/media?parent=1151"}],"curies":[{"name":"wp","href":"https:\/\/api.w.org\/{rel}","templated":true}]}}